{"id":3364,"date":"2022-06-21T13:14:46","date_gmt":"2022-06-21T13:14:46","guid":{"rendered":"https:\/\/investinnavarra.com\/politica-de-cookies\/"},"modified":"2022-08-10T12:12:21","modified_gmt":"2022-08-10T12:12:21","slug":"cookies-policy","status":"publish","type":"page","link":"https:\/\/investinnavarra.com\/en\/cookies-policy\/","title":{"rendered":"Cookies Policy"},"content":{"rendered":"\t\t<div data-elementor-type=\"wp-page\" data-elementor-id=\"3364\" class=\"elementor elementor-3364 elementor-877\" data-elementor-post-type=\"page\">\n\t\t\t\t\t\t<section class=\"elementor-section elementor-top-section elementor-element elementor-element-f339305 elementor-section-boxed elementor-section-height-default elementor-section-height-default\" data-id=\"f339305\" data-element_type=\"section\" data-e-type=\"section\">\n\t\t\t\t\t\t<div class=\"elementor-container elementor-column-gap-default\">\n\t\t\t\t\t<div class=\"elementor-column elementor-col-100 elementor-top-column elementor-element elementor-element-8b5aa6d\" data-id=\"8b5aa6d\" data-element_type=\"column\" data-e-type=\"column\">\n\t\t\t<div class=\"elementor-widget-wrap elementor-element-populated\">\n\t\t\t\t\t\t<div class=\"elementor-element elementor-element-1d6b4c3 elementor-widget elementor-widget-text-editor\" data-id=\"1d6b4c3\" data-element_type=\"widget\" data-e-type=\"widget\" data-widget_type=\"text-editor.default\">\n\t\t\t\t<div class=\"elementor-widget-container\">\n\t\t\t\t\t\t\t\t\t<div class=\"wide contenitor\"><div id=\"content\" class=\"site-content container\"><div id=\"primary\" class=\"content-area twelve columns\"><main id=\"main\" class=\"site-main\" role=\"main\"><article id=\"post-407\" class=\"post-407 page type-page status-publish hentry\"><div class=\"entry-content\"><div class=\"vc_row wpb_row vc_row-fluid\"><div class=\"wpb_column vc_column_container vc_col-sm-12\"><div class=\"vc_column-inner vc_custom_1643368019235\"><div class=\"wpb_wrapper\"><div class=\"wpb_text_column wpb_content_element \"><div class=\"wpb_wrapper\"><div class=\"page\" title=\"Page 1\"><div class=\"layoutArea\"><div class=\"column\"><p>A trave\u0301s de esta poli\u0301tica, SOCIEDAD DE DESARROLLO DE NAVARRA, S.L. como responsable del dominio www.investinnavarra.com, ofrecemos al usuario de la pa\u0301gina informacio\u0301n acerca del tratamiento de sus datos que realizamos a trave\u0301s del uso de \u201ccookies\u201d y\/o tecnologi\u0301as similares.<\/p><p><strong>\u00bfQue\u0301 es una Cookie?<\/strong><\/p><p>Este sitio web utiliza cookies y\/o tecnologi\u0301as similares que almacenan y recuperan informacio\u0301n cuando navegas. En general, estas tecnologi\u0301as pueden servir para finalidades muy diversas, como, por ejemplo, reconocerte como usuario, obtener informacio\u0301n sobre tus ha\u0301bitos de navegacio\u0301n, o personalizar la forma en que se muestra el contenido. Los usos concretos que hacemos de estas tecnologi\u0301as se describen a continuacio\u0301n.<\/p><p><strong>\u00bfQue\u0301 tipos de cookies utilizamos?<\/strong><\/p><p>En este sitio se utilizan los siguientes tipos de cookies:<\/p><p><strong>Por propietario:<\/strong><\/p><p>Cookies Propias: son aquellas que se envi\u0301an al equipo terminal del usuario desde un equipo o dominio gestionado por el propio editor y desde el que se presta el servicio solicitado por el usuario.<\/p><p>Cookies de Terceros: son aquellas que se envi\u0301an al equipo terminal del usuario desde un equipo o dominio que no es gestionado por el editor, sino por otra entidad que trata los datos obtenidos trave\u0301s de las cookies<\/p><p><strong>Por finalidad:<\/strong><\/p><p>Cookies Te\u0301cnicas: son aquellas que permiten al usuario la navegacio\u0301n a trave\u0301s de una pa\u0301gina web, plataforma o aplicacio\u0301n y la utilizacio\u0301n de las diferentes opciones o servicios que en ella existan, incluyendo aquellas que el editor utiliza para permitir la gestio\u0301n y operativa de la pa\u0301gina web y habilitar sus funciones y servicios.<\/p><p>Cookies Anali\u0301ticas: son aquellas que permiten al responsable de las mismas el seguimiento y ana\u0301lisis del comportamiento de los usuarios de los sitios web a los que esta\u0301n vinculadas, incluida la cuantificacio\u0301n de los impactos de los anuncios. La informacio\u0301n recogida mediante este tipo de cookies se utiliza en la medicio\u0301n de la actividad de los sitios web, aplicacio\u0301n o plataforma, con el fin de introducir mejoras en funcio\u0301n del ana\u0301lisis de los datos de uso que hacen los usuarios del servicio.<\/p><p>Cookies de personalizacio\u0301n: son aquellas que permiten recordar informacio\u0301n para que el usuario acceda al servicio con determinadas caracteri\u0301sticas que pueden diferenciar su experiencia de la de otros usuarios, como, por ejemplo, el idioma.<\/p><p><strong>Por el tiempo que permanecen activas:<\/strong><\/p><p>Cookies de sesio\u0301n: son aquellas disen\u0303adas para recabar y almacenar datos mientras el usuario accede a una pa\u0301gina web. Se suelen emplear para almacenar informacio\u0301n que solo interesa conservar para la prestacio\u0301n del servicio solicitado por el usuario en una sola ocasio\u0301n (por ejemplo, una lista de productos adquiridos) y desaparecen al terminar la sesio\u0301n.<\/p><p>Cookies persistentes: son aquellas en las que los datos siguen almacenados en el terminal y pueden ser accedidos y tratados durante un periodo definido por el responsable de la cookie, y que puede ir de unos minutos a varios an\u0303os.<\/p><\/div><\/div><\/div><\/div><\/div><div class=\"wpb_text_column wpb_content_element \"><div class=\"wpb_wrapper\"><div><h4 data-csr-i18n-text=\"[]\">Cookies estrictamente necesarias<\/h4><table class=\"_CookieScriptReportPageTable\"><thead><tr><th class=\"_CookieScriptReportPageTableTh\" scope=\"col\" data-csr-i18n-text=\"[]\">Nombre<\/th><th class=\"_CookieScriptReportPageTableTh\" scope=\"col\" data-csr-i18n-text=\"[]\">Dominio<\/th><th class=\"_CookieScriptReportPageTableTh\" scope=\"col\" data-csr-i18n-text=\"[]\">Vencimiento<\/th><th class=\"_CookieScriptReportPageTableTh\" scope=\"col\" data-csr-i18n-text=\"[]\">Descripci\u00f3n<\/th><\/tr><\/thead><tbody><tr><td class=\"_CookieScriptReportPageTableTd\">PHPSESSID<\/td><td class=\"_CookieScriptReportPageTableTd\">investinnavarra.com<\/td><td class=\"_CookieScriptReportPageTableTd\" data-csr-i18n-text=\"[]\">Sesi\u00f3n<\/td><td class=\"_CookieScriptReportPageTableTd\" data-csr-i18n-text=\"\">Cookie generada por aplicaciones basadas en el lenguaje PHP. Este es un identificador de prop\u00f3sito general que se utiliza para mantener las variables de sesi\u00f3n del usuario. Normalmente es un n\u00famero generado al azar, la forma en que se usa puede ser espec\u00edfico del sitio, pero un buen ejemplo es mantener un estado de inicio de sesi\u00f3n para un usuario entre p\u00e1ginas.<\/td><\/tr><\/tbody><\/table><h4 data-csr-i18n-text=\"[]\">Cookies de rendimiento<\/h4><table class=\"_CookieScriptReportPageTable\"><thead><tr><th class=\"_CookieScriptReportPageTableTh\" scope=\"col\" data-csr-i18n-text=\"[]\">Nombre<\/th><th class=\"_CookieScriptReportPageTableTh\" scope=\"col\" data-csr-i18n-text=\"[]\">Dominio<\/th><th class=\"_CookieScriptReportPageTableTh\" scope=\"col\" data-csr-i18n-text=\"[]\">Vencimiento<\/th><th class=\"_CookieScriptReportPageTableTh\" scope=\"col\" data-csr-i18n-text=\"[]\">Descripci\u00f3n<\/th><\/tr><\/thead><tbody><tr><td class=\"_CookieScriptReportPageTableTd\">_ga<\/td><td class=\"_CookieScriptReportPageTableTd\">.investinnavarra.com<\/td><td class=\"_CookieScriptReportPageTableTd\" data-csr-i18n-text=\"[]\">2 a\u00f1os<\/td><td class=\"_CookieScriptReportPageTableTd\" data-csr-i18n-text=\"\">Este nombre de cookie est\u00e1 asociado con Google Universal Analytics, que es una actualizaci\u00f3n significativa del servicio de an\u00e1lisis de Google m\u00e1s utilizado. Esta cookie se utiliza para distinguir usuarios \u00fanicos asignando un n\u00famero generado aleatoriamente como identificador de cliente. Se incluye en cada solicitud de p\u00e1gina en un sitio y se utiliza para calcular los datos de visitantes, sesiones y campa\u00f1as para los informes de an\u00e1lisis de sitios.<\/td><\/tr><tr><td class=\"_CookieScriptReportPageTableTd\">_gid<\/td><td class=\"_CookieScriptReportPageTableTd\">.investinnavarra.com<\/td><td class=\"_CookieScriptReportPageTableTd\" data-csr-i18n-text=\"[]\">1 d\u00eda<\/td><td class=\"_CookieScriptReportPageTableTd\" data-csr-i18n-text=\"\">Google Analytics establece esta cookie. Almacena y actualiza un valor \u00fanico para cada p\u00e1gina visitada y se utiliza para contar y rastrear p\u00e1ginas vistas.<\/td><\/tr><tr><td class=\"_CookieScriptReportPageTableTd\">_gat<\/td><td class=\"_CookieScriptReportPageTableTd\">.investinnavarra.com<\/td><td class=\"_CookieScriptReportPageTableTd\" data-csr-i18n-text=\"[]\">1 minuto<\/td><td class=\"_CookieScriptReportPageTableTd\" data-csr-i18n-text=\"\">Este nombre de cookie est\u00e1 asociado con Google Universal Analytics, de acuerdo con la documentaci\u00f3n, se utiliza para acelerar la tasa de solicitud, lo que limita la recopilaci\u00f3n de datos en sitios de alto tr\u00e1fico.<\/td><\/tr><\/tbody><\/table><h4 data-csr-i18n-text=\"[]\">Cookies de preferencias<\/h4><table class=\"_CookieScriptReportPageTable\"><thead><tr><th class=\"_CookieScriptReportPageTableTh\" scope=\"col\" data-csr-i18n-text=\"[]\">Nombre<\/th><th class=\"_CookieScriptReportPageTableTh\" scope=\"col\" data-csr-i18n-text=\"[]\">Dominio<\/th><th class=\"_CookieScriptReportPageTableTh\" scope=\"col\" data-csr-i18n-text=\"[]\">Vencimiento<\/th><th class=\"_CookieScriptReportPageTableTh\" scope=\"col\" data-csr-i18n-text=\"[]\">Descripci\u00f3n<\/th><\/tr><\/thead><tbody><tr><td class=\"_CookieScriptReportPageTableTd\">_gat_gtag_UA_38067599_1<\/td><td class=\"_CookieScriptReportPageTableTd\">.investinnavarra.com<\/td><td class=\"_CookieScriptReportPageTableTd\" data-csr-i18n-text=\"[]\">1 minuto<\/td><td class=\"_CookieScriptReportPageTableTd\" data-csr-i18n-text=\"\">Esta cookie es parte de Google Analytics y se utiliza para limitar las solicitudes (tasa de solicitud de aceleraci\u00f3n).<\/td><\/tr><tr><td class=\"_CookieScriptReportPageTableTd\">NID<\/td><td class=\"_CookieScriptReportPageTableTd\">.google.com<\/td><td class=\"_CookieScriptReportPageTableTd\" data-csr-i18n-text=\"[]\">6 meses 3 d\u00edas<\/td><td class=\"_CookieScriptReportPageTableTd\" data-csr-i18n-text=\"\">DoubleClick (que es propiedad de Google) establece esta cookie para ayudar a crear un perfil de sus intereses y mostrarle anuncios relevantes en otros sitios.<\/td><\/tr><\/tbody><\/table><h4 data-csr-i18n-text=\"[]\">Cookies de funcionalidad<\/h4><table class=\"_CookieScriptReportPageTable\"><thead><tr><th class=\"_CookieScriptReportPageTableTh\" scope=\"col\" data-csr-i18n-text=\"[]\">Nombre<\/th><th class=\"_CookieScriptReportPageTableTh\" scope=\"col\" data-csr-i18n-text=\"[]\">Dominio<\/th><th class=\"_CookieScriptReportPageTableTh\" scope=\"col\" data-csr-i18n-text=\"[]\">Vencimiento<\/th><th class=\"_CookieScriptReportPageTableTh\" scope=\"col\" data-csr-i18n-text=\"[]\">Descripci\u00f3n<\/th><\/tr><\/thead><tbody><tr><td class=\"_CookieScriptReportPageTableTd\">qtrans_front_language<\/td><td class=\"_CookieScriptReportPageTableTd\">investinnavarra.com<\/td><td class=\"_CookieScriptReportPageTableTd\" data-csr-i18n-text=\"[]\">1 a\u00f1o<\/td><td class=\"_CookieScriptReportPageTableTd\" data-csr-i18n-text=\"\">Este es un identificador del idioma usado durante la navegaci\u00f3n web.<\/td><\/tr><\/tbody><\/table><\/div><\/div><\/div><div class=\"wpb_text_column wpb_content_element \"><div class=\"wpb_wrapper\"><div class=\"page\" title=\"Page 2\"><div class=\"layoutArea\"><div class=\"column\"><p><strong>(*) Proveedores no ubicados en la Unio\u0301n Europea ni en pai\u0301ses con legislacio\u0301n equivalente en materia de proteccio\u0301n de datos<\/strong><\/p><p>La informacio\u0301n extrai\u0301da a trave\u0301s de estas cookies se almacena en servidores de Google, ubicados en EEUU, pai\u0301s en el cual su legislacio\u0301n no garantiza un nivel adecuado de proteccio\u0301n de datos a criterio de las autoridades europeas. Al prestar su consentimiento al uso de estas cookies, usted consiente tambie\u0301n la transferencia internacional de sus datos a la compan\u0303i\u0301a Google en Estados Unidos.<\/p><p>Igualmente, Google se encuentra adscrita a la herramienta Web Choices, desde la cual, puede deshabilitar el uso de sus cookies: http:\/\/optout.aboutads.info\/.<\/p><\/div><\/div><div class=\"layoutArea\"><div class=\"column\"><p><strong>\u00bfPuedo desactivarlas?<\/strong><\/p><\/div><\/div><\/div><div class=\"page\" title=\"Page 3\"><div class=\"layoutArea\"><div class=\"column\"><p>Vd. puede configurar su navegador para rechazar el almacenamiento de las cookies en su ordenador.<\/p><\/div><\/div><div class=\"layoutArea\"><div class=\"column\"><p>Para poder deshabilitar las cookies desde los navegadores puede encontrar informacio\u0301n sobre co\u0301mo hacerlo en el caso de que se use como navegador:<\/p><p>Firefox desde aqui\u0301: http:\/\/support.mozilla.org\/es\/kb\/habilitar-y-deshabilitar-cookies-que-los-sitios-we<\/p><p>Chrome desde aqui\u0301: http:\/\/support.google.com\/chrome\/bin\/answer.py?hl=es&amp;answer=95647<\/p><p>Explorer desde aqui\u0301: https:\/\/support.microsoft.com\/es-es\/help\/17442\/windows-internet-explorer-delete-manage-cookies<\/p><p>Safari desde aqui\u0301: http:\/\/support.apple.com\/kb\/ph5042<\/p><p>Opera desde aqui\u0301: http:\/\/help.opera.com\/Windows\/11.50\/es-ES\/cookies.html<\/p><p><strong>Ma\u0301s informacio\u0301n<\/strong><\/p><p>Por u\u0301ltimo, para obtener una informacio\u0301n ma\u0301s exhaustiva acerca del tratamiento que SOCIEDAD DE DESARROLLO DE NAVARRA, S.L. realiza de sus datos personales, sobre cua\u0301les son sus derechos relacionados con la proteccio\u0301n de datos o sobre que\u0301 cesiones se llevan a cabo, puede consultar nuestra poli\u0301tica de privacidad<\/p><\/div><\/div><\/div><\/div><\/div><\/div><\/div><\/div><\/div><div class=\"vc_row wpb_row vc_row-fluid\"><div class=\"wpb_column vc_column_container vc_col-sm-12 vc_col-has-fill\"><div class=\"vc_column-inner vc_custom_1643369131575\"><div class=\"wpb_wrapper\">\u00a0<\/div><\/div><\/div><\/div><\/div><\/article><\/main><\/div><\/div><\/div><footer id=\"colophon\" class=\"site-footer\" role=\"contentinfo\"><div class=\"site-info\">\u00a0<\/div><\/footer>\t\t\t\t\t\t\t\t<\/div>\n\t\t\t\t<\/div>\n\t\t\t\t\t<\/div>\n\t\t<\/div>\n\t\t\t\t\t<\/div>\n\t\t<\/section>\n\t\t\t\t<\/div>\n\t\t","protected":false},"excerpt":{"rendered":"<p>A trave\u0301s de esta poli\u0301tica, SOCIEDAD DE DESARROLLO DE NAVARRA, S.L. como responsable del dominio www.investinnavarra.com, ofrecemos al usuario de la pa\u0301gina informacio\u0301n acerca del tratamiento de sus datos que realizamos a trave\u0301s del uso de \u201ccookies\u201d y\/o tecnologi\u0301as similares. \u00bfQue\u0301 es una Cookie? Este sitio web utiliza cookies y\/o tecnologi\u0301as similares que almacenan y [&hellip;]<\/p>\n","protected":false},"author":1,"featured_media":0,"parent":0,"menu_order":0,"comment_status":"closed","ping_status":"closed","template":"elementor_header_footer","meta":{"footnotes":""},"class_list":["post-3364","page","type-page","status-publish","hentry"],"yoast_head":"<!-- This site is optimized with the Yoast SEO plugin v27.0 - https:\/\/yoast.com\/product\/yoast-seo-wordpress\/ -->\n<title>Cookies Policy &#8226; Invest In Navarra<\/title>\n<meta name=\"robots\" content=\"index, follow, max-snippet:-1, max-image-preview:large, max-video-preview:-1\" \/>\n<link rel=\"canonical\" href=\"https:\/\/investinnavarra.com\/en\/cookies-policy\/\" \/>\n<meta property=\"og:locale\" content=\"en_US\" \/>\n<meta property=\"og:type\" content=\"article\" \/>\n<meta property=\"og:title\" content=\"Cookies Policy &#8226; Invest In Navarra\" \/>\n<meta property=\"og:description\" content=\"A trave\u0301s de esta poli\u0301tica, SOCIEDAD DE DESARROLLO DE NAVARRA, S.L. como responsable del dominio www.investinnavarra.com, ofrecemos al usuario de la pa\u0301gina informacio\u0301n acerca del tratamiento de sus datos que realizamos a trave\u0301s del uso de \u201ccookies\u201d y\/o tecnologi\u0301as similares. \u00bfQue\u0301 es una Cookie? Este sitio web utiliza cookies y\/o tecnologi\u0301as similares que almacenan y [&hellip;]\" \/>\n<meta property=\"og:url\" content=\"https:\/\/investinnavarra.com\/en\/cookies-policy\/\" \/>\n<meta property=\"og:site_name\" content=\"Invest In Navarra\" \/>\n<meta property=\"article:modified_time\" content=\"2022-08-10T12:12:21+00:00\" \/>\n<meta property=\"og:image\" content=\"https:\/\/investinnavarra.com\/wp-content\/uploads\/2024\/01\/nudo-2.jpg\" \/>\n\t<meta property=\"og:image:width\" content=\"1200\" \/>\n\t<meta property=\"og:image:height\" content=\"630\" \/>\n\t<meta property=\"og:image:type\" content=\"image\/jpeg\" \/>\n<meta name=\"twitter:card\" content=\"summary_large_image\" \/>\n<meta name=\"twitter:label1\" content=\"Est. reading time\" \/>\n\t<meta name=\"twitter:data1\" content=\"5 minutes\" \/>\n<script type=\"application\/ld+json\" class=\"yoast-schema-graph\">{\"@context\":\"https:\/\/schema.org\",\"@graph\":[{\"@type\":\"WebPage\",\"@id\":\"https:\/\/investinnavarra.com\/en\/cookies-policy\/\",\"url\":\"https:\/\/investinnavarra.com\/en\/cookies-policy\/\",\"name\":\"Cookies Policy &#8226; Invest In Navarra\",\"isPartOf\":{\"@id\":\"https:\/\/investinnavarra.com\/en\/#website\"},\"datePublished\":\"2022-06-21T13:14:46+00:00\",\"dateModified\":\"2022-08-10T12:12:21+00:00\",\"inLanguage\":\"en-US\",\"potentialAction\":[{\"@type\":\"ReadAction\",\"target\":[\"https:\/\/investinnavarra.com\/en\/cookies-policy\/\"]}]},{\"@type\":\"WebSite\",\"@id\":\"https:\/\/investinnavarra.com\/en\/#website\",\"url\":\"https:\/\/investinnavarra.com\/en\/\",\"name\":\"Invest In Navarra\",\"description\":\"Herramienta del Gobierno de Navarra para atraer nuevas inversiones a Navarra\",\"publisher\":{\"@id\":\"https:\/\/investinnavarra.com\/en\/#organization\"},\"potentialAction\":[{\"@type\":\"SearchAction\",\"target\":{\"@type\":\"EntryPoint\",\"urlTemplate\":\"https:\/\/investinnavarra.com\/en\/?s={search_term_string}\"},\"query-input\":{\"@type\":\"PropertyValueSpecification\",\"valueRequired\":true,\"valueName\":\"search_term_string\"}}],\"inLanguage\":\"en-US\"},{\"@type\":\"Organization\",\"@id\":\"https:\/\/investinnavarra.com\/en\/#organization\",\"name\":\"Invest In Navarra\",\"url\":\"https:\/\/investinnavarra.com\/en\/\",\"logo\":{\"@type\":\"ImageObject\",\"inLanguage\":\"en-US\",\"@id\":\"https:\/\/investinnavarra.com\/en\/#\/schema\/logo\/image\/\",\"url\":\"https:\/\/investinnavarra.com\/wp-content\/uploads\/2022\/05\/logo-invest-v1-b.png\",\"contentUrl\":\"https:\/\/investinnavarra.com\/wp-content\/uploads\/2022\/05\/logo-invest-v1-b.png\",\"width\":768,\"height\":277,\"caption\":\"Invest In Navarra\"},\"image\":{\"@id\":\"https:\/\/investinnavarra.com\/en\/#\/schema\/logo\/image\/\"}}]}<\/script>\n<!-- \/ Yoast SEO plugin. -->","yoast_head_json":{"title":"Cookies Policy &#8226; Invest In Navarra","robots":{"index":"index","follow":"follow","max-snippet":"max-snippet:-1","max-image-preview":"max-image-preview:large","max-video-preview":"max-video-preview:-1"},"canonical":"https:\/\/investinnavarra.com\/en\/cookies-policy\/","og_locale":"en_US","og_type":"article","og_title":"Cookies Policy &#8226; Invest In Navarra","og_description":"A trave\u0301s de esta poli\u0301tica, SOCIEDAD DE DESARROLLO DE NAVARRA, S.L. como responsable del dominio www.investinnavarra.com, ofrecemos al usuario de la pa\u0301gina informacio\u0301n acerca del tratamiento de sus datos que realizamos a trave\u0301s del uso de \u201ccookies\u201d y\/o tecnologi\u0301as similares. \u00bfQue\u0301 es una Cookie? Este sitio web utiliza cookies y\/o tecnologi\u0301as similares que almacenan y [&hellip;]","og_url":"https:\/\/investinnavarra.com\/en\/cookies-policy\/","og_site_name":"Invest In Navarra","article_modified_time":"2022-08-10T12:12:21+00:00","og_image":[{"width":1200,"height":630,"url":"https:\/\/investinnavarra.com\/wp-content\/uploads\/2024\/01\/nudo-2.jpg","type":"image\/jpeg"}],"twitter_card":"summary_large_image","twitter_misc":{"Est. reading time":"5 minutes"},"schema":{"@context":"https:\/\/schema.org","@graph":[{"@type":"WebPage","@id":"https:\/\/investinnavarra.com\/en\/cookies-policy\/","url":"https:\/\/investinnavarra.com\/en\/cookies-policy\/","name":"Cookies Policy &#8226; Invest In Navarra","isPartOf":{"@id":"https:\/\/investinnavarra.com\/en\/#website"},"datePublished":"2022-06-21T13:14:46+00:00","dateModified":"2022-08-10T12:12:21+00:00","inLanguage":"en-US","potentialAction":[{"@type":"ReadAction","target":["https:\/\/investinnavarra.com\/en\/cookies-policy\/"]}]},{"@type":"WebSite","@id":"https:\/\/investinnavarra.com\/en\/#website","url":"https:\/\/investinnavarra.com\/en\/","name":"Invest In Navarra","description":"Herramienta del Gobierno de Navarra para atraer nuevas inversiones a Navarra","publisher":{"@id":"https:\/\/investinnavarra.com\/en\/#organization"},"potentialAction":[{"@type":"SearchAction","target":{"@type":"EntryPoint","urlTemplate":"https:\/\/investinnavarra.com\/en\/?s={search_term_string}"},"query-input":{"@type":"PropertyValueSpecification","valueRequired":true,"valueName":"search_term_string"}}],"inLanguage":"en-US"},{"@type":"Organization","@id":"https:\/\/investinnavarra.com\/en\/#organization","name":"Invest In Navarra","url":"https:\/\/investinnavarra.com\/en\/","logo":{"@type":"ImageObject","inLanguage":"en-US","@id":"https:\/\/investinnavarra.com\/en\/#\/schema\/logo\/image\/","url":"https:\/\/investinnavarra.com\/wp-content\/uploads\/2022\/05\/logo-invest-v1-b.png","contentUrl":"https:\/\/investinnavarra.com\/wp-content\/uploads\/2022\/05\/logo-invest-v1-b.png","width":768,"height":277,"caption":"Invest In Navarra"},"image":{"@id":"https:\/\/investinnavarra.com\/en\/#\/schema\/logo\/image\/"}}]}},"_links":{"self":[{"href":"https:\/\/investinnavarra.com\/en\/wp-json\/wp\/v2\/pages\/3364","targetHints":{"allow":["GET"]}}],"collection":[{"href":"https:\/\/investinnavarra.com\/en\/wp-json\/wp\/v2\/pages"}],"about":[{"href":"https:\/\/investinnavarra.com\/en\/wp-json\/wp\/v2\/types\/page"}],"author":[{"embeddable":true,"href":"https:\/\/investinnavarra.com\/en\/wp-json\/wp\/v2\/users\/1"}],"replies":[{"embeddable":true,"href":"https:\/\/investinnavarra.com\/en\/wp-json\/wp\/v2\/comments?post=3364"}],"version-history":[{"count":0,"href":"https:\/\/investinnavarra.com\/en\/wp-json\/wp\/v2\/pages\/3364\/revisions"}],"wp:attachment":[{"href":"https:\/\/investinnavarra.com\/en\/wp-json\/wp\/v2\/media?parent=3364"}],"curies":[{"name":"wp","href":"https:\/\/api.w.org\/{rel}","templated":true}]}}